{"id":429,"date":"2021-08-26T19:13:59","date_gmt":"2021-08-26T22:13:59","guid":{"rendered":"http:\/\/rebes.cf\/?page_id=429"},"modified":"2022-08-24T11:13:07","modified_gmt":"2022-08-24T14:13:07","slug":"recursos-en-acceso-abierto","status":"publish","type":"page","link":"https:\/\/rebes.cf\/index.php\/recursos-en-acceso-abierto\/","title":{"rendered":"Recursos en Acceso Abierto"},"content":{"rendered":"\n<h2 class=\"has-text-align-center has-vivid-cyan-blue-color has-text-color wp-block-heading\">Recursos en Acceso Abierto<\/h2>\n\n\n\n<hr class=\"wp-block-separator is-style-wide\"\/>\n\n\n\n<div class=\"wp-block-media-text is-stacked-on-mobile has-cyan-bluish-gray-background-color has-background\" style=\"grid-template-columns:30% auto\"><figure class=\"wp-block-media-text__media\"><img loading=\"lazy\" decoding=\"async\" width=\"318\" height=\"159\" src=\"http:\/\/rebes.cf\/wp-content\/uploads\/2021\/08\/descarga-1.png\" alt=\"\" class=\"wp-image-430\" srcset=\"https:\/\/rebes.cf\/wp-content\/uploads\/2021\/08\/descarga-1.png 318w, https:\/\/rebes.cf\/wp-content\/uploads\/2021\/08\/descarga-1-300x150.png 300w\" sizes=\"auto, (max-width: 318px) 100vw, 318px\" \/><\/figure><div class=\"wp-block-media-text__content\">\n<p class=\"has-white-color has-text-color has-background\" style=\"background-color:#5e2129\">Dialnet es uno de los mayores portales bibliogr\u00e1ficos del mundo, cuyo principal cometido es dar mayor&nbsp;<strong>visibilidad a la literatura cient\u00edfica hispana.<\/strong> Centrado fundamentalmente en los \u00e1mbitos de las Ciencias Humanas, Jur\u00eddicas y Sociales, Dialnet se constituye como una herramienta fundamental para la b\u00fasqueda de informaci\u00f3n de calidad.<\/p>\n\n\n\n<div class=\"wp-block-buttons aligncenter is-layout-flex wp-block-buttons-is-layout-flex\">\n<div class=\"wp-block-button\"><a class=\"wp-block-button__link has-background\" href=\"https:\/\/dialnet.unirioja.es\/documentos\" style=\"background-color:#003399\" target=\"_blank\" rel=\"noreferrer noopener\">Acceso al recurso<\/a><\/div>\n<\/div>\n\n\n\n<p><\/p>\n<\/div><\/div>\n\n\n\n<div class=\"wp-block-media-text is-stacked-on-mobile has-cyan-bluish-gray-background-color has-background\" style=\"grid-template-columns:30% auto\"><figure class=\"wp-block-media-text__media\"><img loading=\"lazy\" decoding=\"async\" width=\"500\" height=\"500\" src=\"https:\/\/rebes.cf\/wp-content\/uploads\/2021\/08\/librosUnam.png\" alt=\"\" class=\"wp-image-444\" srcset=\"https:\/\/rebes.cf\/wp-content\/uploads\/2021\/08\/librosUnam.png 500w, https:\/\/rebes.cf\/wp-content\/uploads\/2021\/08\/librosUnam-300x300.png 300w, https:\/\/rebes.cf\/wp-content\/uploads\/2021\/08\/librosUnam-150x150.png 150w\" sizes=\"auto, (max-width: 500px) 100vw, 500px\" \/><\/figure><div class=\"wp-block-media-text__content\">\n<p class=\"has-white-color has-text-color has-background\" style=\"background-color:#5e2129\">Libros OA &#8211; Repositorio de libros de acceso abierto UNAM. Libros OA es un repositorio de la UNAM que alberga m\u00e1s de 2000 t\u00edtulos de  libros en diferentes formatos (epub, pdf y mp3), todos ellos disponibles para descarga libre y gratuita.<\/p>\n\n\n\n<div class=\"wp-block-buttons aligncenter is-layout-flex wp-block-buttons-is-layout-flex\">\n<div class=\"wp-block-button\"><a class=\"wp-block-button__link has-background\" href=\"http:\/\/librosoa.unam.mx\/\" style=\"background-color:#003399\" target=\"_blank\" rel=\"noreferrer noopener\">Acceso al recurso<\/a><\/div>\n<\/div>\n\n\n\n<p><\/p>\n<\/div><\/div>\n\n\n\n<div class=\"wp-block-media-text is-stacked-on-mobile has-cyan-bluish-gray-background-color has-background\" style=\"grid-template-columns:30% auto\"><figure class=\"wp-block-media-text__media\"><img decoding=\"async\" src=\"https:\/\/rebes.cf\/wp-content\/uploads\/2021\/08\/logo-scielo-portal-no-label.svg\" alt=\"\" class=\"wp-image-446\"\/><\/figure><div class=\"wp-block-media-text__content\">\n<p class=\"has-white-color has-text-color has-background\" style=\"background-color:#5e2129\">El proyecto SciELO, que adem\u00e1s cuenta con el apoyo de diversas instituciones nacionales e internacionales vinculadas a la edici\u00f3n y divulgaci\u00f3n&nbsp;<a href=\"https:\/\/es.wikipedia.org\/wiki\/Ciencias\">cient\u00edfica<\/a>, tiene como objetivo el desarrollo de una metodolog\u00eda com\u00fan para la preparaci\u00f3n, almacenamiento, diseminaci\u00f3n y evaluaci\u00f3n de la literatura cient\u00edfica en formato electr\u00f3nico.\u200b<\/p>\n\n\n\n<div class=\"wp-block-buttons aligncenter is-layout-flex wp-block-buttons-is-layout-flex\">\n<div class=\"wp-block-button\"><a class=\"wp-block-button__link has-background\" href=\"https:\/\/scielo.org\/\" style=\"background-color:#003399\" target=\"_blank\" rel=\"noreferrer noopener\">Acceso al recurso<\/a><\/div>\n<\/div>\n\n\n\n<p><\/p>\n<\/div><\/div>\n\n\n\n<div class=\"wp-block-media-text is-stacked-on-mobile has-cyan-bluish-gray-background-color has-background\" style=\"grid-template-columns:32% auto\"><figure class=\"wp-block-media-text__media\"><img loading=\"lazy\" decoding=\"async\" width=\"293\" height=\"64\" src=\"https:\/\/rebes.cf\/wp-content\/uploads\/2021\/08\/redalyc-UAEMEX-2021.png\" alt=\"\" class=\"wp-image-482\"\/><\/figure><div class=\"wp-block-media-text__content\">\n<p class=\"has-white-color has-text-color has-background\" style=\"background-color:#5e2129\">Redalyc es un sistema de indizaci\u00f3n que integra a su \u00edndice las revistas de alta calidad cient\u00edfica y editorial de la regi\u00f3n, despu\u00e9s de 16 a\u00f1os de dar visibilidad y apoyar en la consolidaci\u00f3n de las revistas, ahora integra de manera exclusiva a las que comparten el modelo de publicaci\u00f3n sin fines de lucro para conservar la naturaleza acad\u00e9mica y abierta de la comunicaci\u00f3n cient\u00edfica, de cualquier regi\u00f3n.<\/p>\n\n\n\n<div class=\"wp-block-buttons aligncenter is-layout-flex wp-block-buttons-is-layout-flex\">\n<div class=\"wp-block-button\"><a class=\"wp-block-button__link has-background\" href=\"https:\/\/www.redalyc.org\/\" style=\"background-color:#003399\" target=\"_blank\" rel=\"noreferrer noopener\">Acceso al recurso<\/a><\/div>\n<\/div>\n\n\n\n<p><\/p>\n<\/div><\/div>\n\n\n\n<div class=\"wp-block-media-text is-stacked-on-mobile has-cyan-bluish-gray-background-color has-background\" style=\"grid-template-columns:32% auto\"><figure class=\"wp-block-media-text__media\"><img loading=\"lazy\" decoding=\"async\" width=\"250\" height=\"138\" src=\"https:\/\/rebes.cf\/wp-content\/uploads\/2021\/09\/bidi.jpg\" alt=\"\" class=\"wp-image-488\"\/><\/figure><div class=\"wp-block-media-text__content\">\n<p class=\"has-white-color has-text-color has-background\" style=\"background-color:#5e2129\">La Biblioteca Digital es un&nbsp;<strong>portal para \u200bque \u200balumnos y docentes<\/strong>&nbsp;de todas las escuelas del pa\u00eds \u200bpuedan \u200bacceder a \u200bm\u00e1s de un centenar de&nbsp;<strong>libros cl\u00e1sicos y novelas<\/strong>.                                        Se puede descargar el manual de usuario en este <a rel=\"noreferrer noopener\" href=\"https:\/\/www.argentina.gob.ar\/sites\/default\/files\/manual_de_usuario_-_biblioteca_digital.pdf\" target=\"_blank\">link.<\/a><\/p>\n\n\n\n<div class=\"wp-block-buttons aligncenter is-layout-flex wp-block-buttons-is-layout-flex\">\n<div class=\"wp-block-button\"><a class=\"wp-block-button__link has-background\" href=\"https:\/\/bidi.educacion.gob.ar\/\" style=\"background-color:#003399\" target=\"_blank\" rel=\"noreferrer noopener\">Acceso al recurso<\/a><\/div>\n<\/div>\n\n\n\n<p><\/p>\n<\/div><\/div>\n\n\n\n<p><\/p>\n","protected":false},"excerpt":{"rendered":"<p>Recursos en Acceso Abierto<\/p>\n","protected":false},"author":1,"featured_media":0,"parent":0,"menu_order":0,"comment_status":"closed","ping_status":"closed","template":"","meta":{"footnotes":""},"class_list":["post-429","page","type-page","status-publish"],"_links":{"self":[{"href":"https:\/\/rebes.cf\/index.php\/wp-json\/wp\/v2\/pages\/429","targetHints":{"allow":["GET"]}}],"collection":[{"href":"https:\/\/rebes.cf\/index.php\/wp-json\/wp\/v2\/pages"}],"about":[{"href":"https:\/\/rebes.cf\/index.php\/wp-json\/wp\/v2\/types\/page"}],"author":[{"embeddable":true,"href":"https:\/\/rebes.cf\/index.php\/wp-json\/wp\/v2\/users\/1"}],"replies":[{"embeddable":true,"href":"https:\/\/rebes.cf\/index.php\/wp-json\/wp\/v2\/comments?post=429"}],"version-history":[{"count":22,"href":"https:\/\/rebes.cf\/index.php\/wp-json\/wp\/v2\/pages\/429\/revisions"}],"predecessor-version":[{"id":707,"href":"https:\/\/rebes.cf\/index.php\/wp-json\/wp\/v2\/pages\/429\/revisions\/707"}],"wp:attachment":[{"href":"https:\/\/rebes.cf\/index.php\/wp-json\/wp\/v2\/media?parent=429"}],"curies":[{"name":"wp","href":"https:\/\/api.w.org\/{rel}","templated":true}]}}